{"id":266,"date":"2015-01-22T12:47:45","date_gmt":"2015-01-22T12:47:45","guid":{"rendered":"http:\/\/www.selectrentcar-marrakech.com\/de\/louer-voiture-marrakech\/"},"modified":"2020-02-06T10:38:02","modified_gmt":"2020-02-06T10:38:02","slug":"mietwagen","status":"publish","type":"page","link":"https:\/\/www.selectrentcar-marrakech.com\/de\/mietwagen\/","title":{"rendered":"Willkommen"},"content":{"rendered":"<div class=\"left\">\n<h1>Autovermietungen in Marrakesch<\/h1>\n<p>Mit mehrj\u00e4hriger Erfahrung im Bereich der <a title=\"Mietwagenagentur Marrakesch\" href=\"https:\/\/www.selectrentcar-marrakech.com\/de\/autovermietung\/\"><strong>Mietfahrzeuge in Marrakesch<\/strong><\/a> schl\u00e4gt die Agentur SELECT RENT A CAR Raten Ihrer Wahl f\u00fcr lange oder kurze Zeit vor.<\/p>\n<p>Egal, ob Sie eine Einzelperson oder ein Unternehmen sind. Mit der\u00a0<a title=\"Mietwagen Marrakesch\" href=\"https:\/\/www.selectrentcar-marrakech.com\/de\/autovermietung\/\"><strong>Autovermietung Marrakesch<\/strong><\/a> SELECT RENT A CAR finden Sie das Luxusauto-Angebot, das Sie ben\u00f6tigen. Die Agentur ist in Marokko in mehreren St\u00e4dten wie Casablanca vertreten Tanger, Agadir, Rabat &amp; c.<\/p>\n<p>Das professionelle und motivierte Team der Agentur SELECT RENT A CAR garantiert Ihnen einen hervorragenden Service, um Sie maximal zufrieden zu stellen.<\/p>\n<h2>Unser ziel<\/h2>\n<p><span style=\"font-size: 1rem;\">Befriedigen Sie unsere Kunden, indem Sie ihnen ein Produkt und einen Qualit\u00e4tsservice anbieten.\u00catre honn\u00eate et attentif aux besoins sp\u00e9cifiques des clients.<\/span><\/p>\n<p>Schaffen Sie einen echten Mehrwert f\u00fcr unsere Mitarbeiter, indem Sie sie motivieren und investieren, weil wir bei der Qualit\u00e4t unserer Dienstleistungen keine Kompromisse eingehen.<\/p>\n<\/div>\n","protected":false},"excerpt":{"rendered":"<p>Autovermietungen in Marrakesch Mit mehrj\u00e4hriger Erfahrung im Bereich der Mietfahrzeuge in Marrakesch schl\u00e4gt die Agentur SELECT RENT A CAR Raten Ihrer Wahl f\u00fcr lange oder kurze Zeit vor. Egal, ob Sie eine Einzelperson oder ein Unternehmen sind. Mit der\u00a0Autovermietung Marrakesch SELECT RENT A CAR finden Sie das Luxusauto-Angebot, das Sie ben\u00f6tigen. Die Agentur ist in [&hellip;]<\/p>\n","protected":false},"author":1,"featured_media":0,"parent":0,"menu_order":0,"comment_status":"open","ping_status":"open","template":"","meta":{"_joinchat":[],"footnotes":""},"class_list":["post-266","page","type-page","status-publish","hentry"],"_links":{"self":[{"href":"https:\/\/www.selectrentcar-marrakech.com\/de\/wp-json\/wp\/v2\/pages\/266"}],"collection":[{"href":"https:\/\/www.selectrentcar-marrakech.com\/de\/wp-json\/wp\/v2\/pages"}],"about":[{"href":"https:\/\/www.selectrentcar-marrakech.com\/de\/wp-json\/wp\/v2\/types\/page"}],"author":[{"embeddable":true,"href":"https:\/\/www.selectrentcar-marrakech.com\/de\/wp-json\/wp\/v2\/users\/1"}],"replies":[{"embeddable":true,"href":"https:\/\/www.selectrentcar-marrakech.com\/de\/wp-json\/wp\/v2\/comments?post=266"}],"version-history":[{"count":4,"href":"https:\/\/www.selectrentcar-marrakech.com\/de\/wp-json\/wp\/v2\/pages\/266\/revisions"}],"predecessor-version":[{"id":333,"href":"https:\/\/www.selectrentcar-marrakech.com\/de\/wp-json\/wp\/v2\/pages\/266\/revisions\/333"}],"wp:attachment":[{"href":"https:\/\/www.selectrentcar-marrakech.com\/de\/wp-json\/wp\/v2\/media?parent=266"}],"curies":[{"name":"wp","href":"https:\/\/api.w.org\/{rel}","templated":true}]}}