{"id":270,"date":"2015-01-23T11:10:13","date_gmt":"2015-01-23T11:10:13","guid":{"rendered":"http:\/\/www.selectrentcar-marrakech.com\/de\/conditions\/"},"modified":"2020-01-08T11:29:46","modified_gmt":"2020-01-08T11:29:46","slug":"conditions","status":"publish","type":"page","link":"https:\/\/www.selectrentcar-marrakech.com\/de\/conditions\/","title":{"rendered":"Bedingungen"},"content":{"rendered":"<h2>mieten Erweiterung<\/h2>\n<p>Beantragung eines Mietwagens f\u00fcr einen im Vertrag vereinbarten Zeitraum. Eine Verl\u00e4ngerung muss vom Mieter vorab gew\u00e4hrt werden.<\/p>\n<h2>Fahrerprofil<\/h2>\n<p>Das Fahrzeug darf nur von dem im Vertrag genannten Mieter gefahren werden.<br \/>\nDer Fahrer muss mindestens 21 Jahre alt sein und einen g\u00fcltigen F\u00fchrerschein f\u00fcr mindestens 2 Jahre besitzen.<\/p>\n<h2>Wiederherstellung der Lieferung<\/h2>\n<p>Die Lieferung und Abholung des Fahrzeugs kann an dem vom Kunden gew\u00e4hlten Ort erfolgen.<br \/>\nBei der Lieferung ist ein Kreditkartenabdruck obligatorisch.<\/p>\n<h2>Fahrzeugnutzung<\/h2>\n<p>Die Benutzung des Fahrzeugs auf unbefestigten Pisten ist verboten.<br \/>\nDas Fahrzeug darf nicht zur Bef\u00f6rderung von G\u00fctern verwendet werden, die gesetzlich verboten sind.<\/p>\n<h2>Zahlung<\/h2>\n<p>Die Zahlung f\u00fcr die Vermietung kann per \u00dcberweisung, Bargeld oder Kreditkarte erfolgen.<br \/>\nUnsere Tarife beinhalten unbegrenzte Kilometer, sie werden auf Basis von 24 Stunden berechnet.<br \/>\nJede Vermietung von mehr als einem Monat profitiert von sehr g\u00fcnstigen Preisen.<\/p>\n<h2>Franchise<\/h2>\n<p>Der Selbstbehalt ist der H\u00f6chstbetrag, f\u00fcr den der Mieter maximal haftet, wenn das Fahrzeug besch\u00e4digt wird oder Diebstahl vorliegt. Die H\u00f6he des Selbstbehalts variiert je nach Fahrzeugkategorie.<br \/>\nDer Selbstbehalt ist nicht komprimierbar und entspricht dem Wert der aktuellen Geb\u00fchrenordnung. Sie ist nur zahlbar, wenn die Verantwortung des Kunden vorliegt.<br \/>\nBei Verlust oder Verlust wird der tats\u00e4chlich gezahlte Betrag am Ende des Mietverh\u00e4ltnisses zur\u00fcckerstattet.<\/p>\n<p>Ohne Anzahlung wird keine Lieferung toleriert.<\/p>\n<h2>Franchise-R\u00fcckkauf<\/h2>\n<p>F\u00fcr einen t\u00e4glichen Zuschlag kann der Mieter den Selbstbehalt erwerben: Dieser Kauf deckt das Unfallrisiko ab, immer vertraglich, es wird nur teilweise oder vollst\u00e4ndig sein: Ein teilweiser R\u00fcckkauf erm\u00f6glicht es, den Teil der Franchise zu reduzieren, der bei einem Unfall geregelt werden muss aufgetreten. Eine vollst\u00e4ndige \u00dcbergabe erlaubt eine vollst\u00e4ndige \u00dcbernahme der Kosten, die der Mieter f\u00fcr den Schaden verursacht.<\/p>\n<h2>Versicherung<\/h2>\n<p>Die Fahrzeuge sind alle Risiken versichert. F\u00fcr alle anderen Sch\u00e4den als Diebstahl des Fahrzeugs, Feuer, Haftpflicht und bef\u00f6rderte Personen (PAI) bleibt der Fahrer jedoch f\u00fcr den Fall, dass eine teilweise oder vollst\u00e4ndige Haftung entsteht, eine beschr\u00e4nkte, nicht r\u00fcckzahlbare Selbstbeteiligung in der Verantwortung. F\u00fcr jeden Unfall ist ein Bericht obligatorisch.<\/p>\n","protected":false},"excerpt":{"rendered":"<p>mieten Erweiterung Beantragung eines Mietwagens f\u00fcr einen im Vertrag vereinbarten Zeitraum. Eine Verl\u00e4ngerung muss vom Mieter vorab gew\u00e4hrt werden. Fahrerprofil Das Fahrzeug darf nur von dem im Vertrag genannten Mieter gefahren werden. Der Fahrer muss mindestens 21 Jahre alt sein und einen g\u00fcltigen F\u00fchrerschein f\u00fcr mindestens 2 Jahre besitzen. Wiederherstellung der Lieferung Die Lieferung und [&hellip;]<\/p>\n","protected":false},"author":1,"featured_media":0,"parent":0,"menu_order":0,"comment_status":"open","ping_status":"open","template":"","meta":{"_joinchat":[],"footnotes":""},"class_list":["post-270","page","type-page","status-publish","hentry"],"_links":{"self":[{"href":"https:\/\/www.selectrentcar-marrakech.com\/de\/wp-json\/wp\/v2\/pages\/270"}],"collection":[{"href":"https:\/\/www.selectrentcar-marrakech.com\/de\/wp-json\/wp\/v2\/pages"}],"about":[{"href":"https:\/\/www.selectrentcar-marrakech.com\/de\/wp-json\/wp\/v2\/types\/page"}],"author":[{"embeddable":true,"href":"https:\/\/www.selectrentcar-marrakech.com\/de\/wp-json\/wp\/v2\/users\/1"}],"replies":[{"embeddable":true,"href":"https:\/\/www.selectrentcar-marrakech.com\/de\/wp-json\/wp\/v2\/comments?post=270"}],"version-history":[{"count":2,"href":"https:\/\/www.selectrentcar-marrakech.com\/de\/wp-json\/wp\/v2\/pages\/270\/revisions"}],"predecessor-version":[{"id":272,"href":"https:\/\/www.selectrentcar-marrakech.com\/de\/wp-json\/wp\/v2\/pages\/270\/revisions\/272"}],"wp:attachment":[{"href":"https:\/\/www.selectrentcar-marrakech.com\/de\/wp-json\/wp\/v2\/media?parent=270"}],"curies":[{"name":"wp","href":"https:\/\/api.w.org\/{rel}","templated":true}]}}