{"id":287,"date":"2018-11-26T10:54:41","date_gmt":"2018-11-26T10:54:41","guid":{"rendered":"http:\/\/www.selectrentcar-marrakech.com\/es\/?page_id=287"},"modified":"2020-02-06T10:36:58","modified_gmt":"2020-02-06T10:36:58","slug":"bienvenida","status":"publish","type":"page","link":"https:\/\/www.selectrentcar-marrakech.com\/es\/bienvenida\/","title":{"rendered":"Bienvenida"},"content":{"rendered":"<div class=\"left\">\n<h1>Agencia de alquiler de coches en Marrakech<\/h1>\n<p>Con varios a\u00f1os de experiencia en el sector del <a title=\"agencia de alquiler de autos en Marrakech\" href=\"https:\/\/www.selectrentcar-marrakech.com\/es\/contactanos\/\"><strong>alquiler de veh\u00edculos en Marrakech<\/strong><\/a>, la agencia <strong>SELECT RENT A CAR<\/strong> sugiere las tarifas de su elecci\u00f3n a largo o corto plazo.<\/p>\n<p>Ya sea que usted sea un individuo o una empresa, con la agencia de <a title=\"Alquiler de coches en Marrakech\" href=\"https:\/\/www.selectrentcar-marrakech.com\/es\/alquiler-coche\/\"><strong>alquiler de autom\u00f3viles Marrakech<\/strong><\/a> SELECT RENT A CAR puede encontrar la oferta de <a title=\"alquiler de coches de lujo Marrakech\" href=\"https:\/\/www.selectrentcar-marrakech.com\/es\/alquiler-coche\/\"><strong>alquiler de autos de lujo<\/strong><\/a> que necesita, la agencia est\u00e1 presente en Marruecos en varias ciudades como Casablanca. T\u00e1nger, Agadir, Rabat, y c.<\/p>\n<p>El equipo profesional y motivado de la agencia SELECT RENT A CAR le asegura un servicio de alto nivel para satisfacerlo al m\u00e1ximo.<\/p>\n<h2>Nuestro objetivo<\/h2>\n<p><span style=\"font-size: 1rem;\">Satisfacer a nuestros clientes ofreci\u00e9ndoles un producto y un servicio de calidad.<\/span><\/p>\n<p>Ser honesto y atento a las necesidades espec\u00edficas de los clientes.<br \/>\nCree un verdadero valor agregado para nuestro personal motivando y creando inversiones porque no nos comprometemos con la calidad del servicio de nuestros servicios.<\/p>\n<\/div>\n","protected":false},"excerpt":{"rendered":"<p>Agencia de alquiler de coches en Marrakech Con varios a\u00f1os de experiencia en el sector del alquiler de veh\u00edculos en Marrakech, la agencia SELECT RENT A CAR sugiere las tarifas de su elecci\u00f3n a largo o corto plazo. Ya sea que usted sea un individuo o una empresa, con la agencia de alquiler de autom\u00f3viles [&hellip;]<\/p>\n","protected":false},"author":1,"featured_media":0,"parent":0,"menu_order":0,"comment_status":"open","ping_status":"open","template":"","meta":{"_joinchat":[],"footnotes":""},"class_list":["post-287","page","type-page","status-publish","hentry"],"_links":{"self":[{"href":"https:\/\/www.selectrentcar-marrakech.com\/es\/wp-json\/wp\/v2\/pages\/287"}],"collection":[{"href":"https:\/\/www.selectrentcar-marrakech.com\/es\/wp-json\/wp\/v2\/pages"}],"about":[{"href":"https:\/\/www.selectrentcar-marrakech.com\/es\/wp-json\/wp\/v2\/types\/page"}],"author":[{"embeddable":true,"href":"https:\/\/www.selectrentcar-marrakech.com\/es\/wp-json\/wp\/v2\/users\/1"}],"replies":[{"embeddable":true,"href":"https:\/\/www.selectrentcar-marrakech.com\/es\/wp-json\/wp\/v2\/comments?post=287"}],"version-history":[{"count":4,"href":"https:\/\/www.selectrentcar-marrakech.com\/es\/wp-json\/wp\/v2\/pages\/287\/revisions"}],"predecessor-version":[{"id":332,"href":"https:\/\/www.selectrentcar-marrakech.com\/es\/wp-json\/wp\/v2\/pages\/287\/revisions\/332"}],"wp:attachment":[{"href":"https:\/\/www.selectrentcar-marrakech.com\/es\/wp-json\/wp\/v2\/media?parent=287"}],"curies":[{"name":"wp","href":"https:\/\/api.w.org\/{rel}","templated":true}]}}